{"id":11409,"date":"2021-06-16T20:25:52","date_gmt":"2021-06-17T01:25:52","guid":{"rendered":"https:\/\/linaresylinares.com\/?page_id=11409"},"modified":"2022-07-25T18:35:18","modified_gmt":"2022-07-25T23:35:18","slug":"firma-de-abogados","status":"publish","type":"page","link":"https:\/\/linaresylinares.com\/es\/firma-de-abogados\/","title":{"rendered":"FIRMA DE ABOGADOS"},"content":{"rendered":"\t\t<div data-elementor-type=\"wp-page\" data-elementor-id=\"11409\" class=\"elementor elementor-11409 elementor-11240\" data-elementor-post-type=\"page\">\n\t\t\t\t\t\t<section class=\"wd-negative-gap elementor-section elementor-top-section elementor-element elementor-element-dd4e456 elementor-section-full_width elementor-section-stretched elementor-section-height-default elementor-section-height-default\" data-id=\"dd4e456\" data-element_type=\"section\" data-e-type=\"section\" data-settings=\"{&quot;stretch_section&quot;:&quot;section-stretched&quot;,&quot;background_background&quot;:&quot;classic&quot;}\">\n\t\t\t\t\t\t\t<div class=\"elementor-background-overlay\"><\/div>\n\t\t\t\t\t\t\t<div class=\"elementor-container elementor-column-gap-default\">\n\t\t\t\t\t<div class=\"elementor-column elementor-col-100 elementor-top-column elementor-element elementor-element-d9117e1\" data-id=\"d9117e1\" data-element_type=\"column\" data-e-type=\"column\">\n\t\t\t<div class=\"elementor-widget-wrap elementor-element-populated\">\n\t\t\t\t\t\t<div class=\"elementor-element elementor-element-0b44681 elementor-widget elementor-widget-heading\" data-id=\"0b44681\" data-element_type=\"widget\" data-e-type=\"widget\" data-widget_type=\"heading.default\">\n\t\t\t\t<div class=\"elementor-widget-container\">\n\t\t\t\t\t<h2 class=\"elementor-heading-title elementor-size-default\">FIRMA DE ABOGADOS <\/h2>\t\t\t\t<\/div>\n\t\t\t\t<\/div>\n\t\t\t\t\t<\/div>\n\t\t<\/div>\n\t\t\t\t\t<\/div>\n\t\t<\/section>\n\t\t\t\t<section class=\"wd-negative-gap elementor-section elementor-top-section elementor-element elementor-element-e7ff54f elementor-section-boxed elementor-section-height-default elementor-section-height-default\" data-id=\"e7ff54f\" data-element_type=\"section\" data-e-type=\"section\">\n\t\t\t\t\t\t<div class=\"elementor-container elementor-column-gap-default\">\n\t\t\t\t\t<div class=\"elementor-column elementor-col-100 elementor-top-column elementor-element elementor-element-e8992bb\" data-id=\"e8992bb\" data-element_type=\"column\" data-e-type=\"column\">\n\t\t\t<div class=\"elementor-widget-wrap elementor-element-populated\">\n\t\t\t\t\t\t<section class=\"wd-negative-gap elementor-section elementor-inner-section elementor-element elementor-element-7d81e0e elementor-section-boxed elementor-section-height-default elementor-section-height-default\" data-id=\"7d81e0e\" data-element_type=\"section\" data-e-type=\"section\">\n\t\t\t\t\t\t<div class=\"elementor-container elementor-column-gap-default\">\n\t\t\t\t\t<div class=\"elementor-column elementor-col-50 elementor-inner-column elementor-element elementor-element-b3e22e4\" data-id=\"b3e22e4\" data-element_type=\"column\" data-e-type=\"column\">\n\t\t\t<div class=\"elementor-widget-wrap elementor-element-populated\">\n\t\t\t\t\t\t<div class=\"elementor-element elementor-element-2e59323 elementor-widget elementor-widget-heading\" data-id=\"2e59323\" data-element_type=\"widget\" data-e-type=\"widget\" data-widget_type=\"heading.default\">\n\t\t\t\t<div class=\"elementor-widget-container\">\n\t\t\t\t\t<h2 class=\"elementor-heading-title elementor-size-default\">Nuestras \u00c1reas<\/h2>\t\t\t\t<\/div>\n\t\t\t\t<\/div>\n\t\t\t\t<div class=\"elementor-element elementor-element-f5387cb elementor-widget elementor-widget-heading\" data-id=\"f5387cb\" data-element_type=\"widget\" data-e-type=\"widget\" data-widget_type=\"heading.default\">\n\t\t\t\t<div class=\"elementor-widget-container\">\n\t\t\t\t\t<h2 class=\"elementor-heading-title elementor-size-default\">LINARES &amp; LINARES\u2122, ABOGADOS<\/h2>\t\t\t\t<\/div>\n\t\t\t\t<\/div>\n\t\t\t\t<div class=\"elementor-element elementor-element-6dac160 elementor-widget-divider--view-line elementor-widget elementor-widget-divider\" data-id=\"6dac160\" data-element_type=\"widget\" data-e-type=\"widget\" data-widget_type=\"divider.default\">\n\t\t\t\t<div class=\"elementor-widget-container\">\n\t\t\t\t\t\t\t<div class=\"elementor-divider\">\n\t\t\t<span class=\"elementor-divider-separator\">\n\t\t\t\t\t\t<\/span>\n\t\t<\/div>\n\t\t\t\t\t\t<\/div>\n\t\t\t\t<\/div>\n\t\t\t\t<div class=\"elementor-element elementor-element-89c5698 color-scheme-inherit text-left elementor-widget elementor-widget-text-editor\" data-id=\"89c5698\" data-element_type=\"widget\" data-e-type=\"widget\" data-widget_type=\"text-editor.default\">\n\t\t\t\t<div class=\"elementor-widget-container\">\n\t\t\t\t\t\t\t\t\t<p><strong>\u00c1REAS Y SERVICIOS:<\/strong><\/p><ul><li>Consultor\u00eda y Asesor\u00eda Legal Personalizada y Online<\/li><li>Constituci\u00f3n de Sociedades<\/li><li>Contratos<\/li><li>Derecho Corporativo<\/li><li>Estrategias Procesales<\/li><li>Estructuras Legales y Financieras<\/li><li>Fideicomisos<\/li><li>Fundaciones de Inter\u00e9s Privado<\/li><li>Migraci\u00f3n<\/li><li>Negociaciones<\/li><li>Registro de Marcas y Patentes<\/li><li>Servicios OffShore<\/li><\/ul>\t\t\t\t\t\t\t\t<\/div>\n\t\t\t\t<\/div>\n\t\t\t\t\t<\/div>\n\t\t<\/div>\n\t\t\t\t<div class=\"elementor-column elementor-col-50 elementor-inner-column elementor-element elementor-element-802a369\" data-id=\"802a369\" data-element_type=\"column\" data-e-type=\"column\">\n\t\t\t<div class=\"elementor-widget-wrap elementor-element-populated\">\n\t\t\t\t\t\t<div class=\"elementor-element elementor-element-7bda798 elementor-widget elementor-widget-image\" data-id=\"7bda798\" data-element_type=\"widget\" data-e-type=\"widget\" data-widget_type=\"image.default\">\n\t\t\t\t<div class=\"elementor-widget-container\">\n\t\t\t\t\t\t\t\t\t\t\t\t\t\t\t<img loading=\"lazy\" decoding=\"async\" width=\"570\" height=\"370\" src=\"https:\/\/linaresylinares.com\/wp-content\/uploads\/2015\/07\/Linares_Linares_Abogados_Logo_Web.jpg\" class=\"attachment-full size-full wp-image-1217\" alt=\"\" srcset=\"https:\/\/linaresylinares.com\/wp-content\/uploads\/2015\/07\/Linares_Linares_Abogados_Logo_Web.jpg 570w, https:\/\/linaresylinares.com\/wp-content\/uploads\/2015\/07\/Linares_Linares_Abogados_Logo_Web-150x97.jpg 150w, https:\/\/linaresylinares.com\/wp-content\/uploads\/2015\/07\/Linares_Linares_Abogados_Logo_Web-300x195.jpg 300w\" sizes=\"auto, (max-width: 570px) 100vw, 570px\" \/>\t\t\t\t\t\t\t\t\t\t\t\t\t\t\t<\/div>\n\t\t\t\t<\/div>\n\t\t\t\t\t<\/div>\n\t\t<\/div>\n\t\t\t\t\t<\/div>\n\t\t<\/section>\n\t\t\t\t\t<\/div>\n\t\t<\/div>\n\t\t\t\t\t<\/div>\n\t\t<\/section>\n\t\t\t\t<section class=\"wd-negative-gap elementor-section elementor-top-section elementor-element elementor-element-e59d19f elementor-section-boxed elementor-section-height-default elementor-section-height-default\" data-id=\"e59d19f\" data-element_type=\"section\" data-e-type=\"section\">\n\t\t\t\t\t\t<div class=\"elementor-container elementor-column-gap-default\">\n\t\t\t\t\t<div class=\"elementor-column elementor-col-100 elementor-top-column elementor-element elementor-element-f34743a\" data-id=\"f34743a\" data-element_type=\"column\" data-e-type=\"column\">\n\t\t\t<div class=\"elementor-widget-wrap elementor-element-populated\">\n\t\t\t\t\t\t<div class=\"elementor-element elementor-element-1997ba7 elementor-widget-divider--view-line elementor-widget elementor-widget-divider\" data-id=\"1997ba7\" data-element_type=\"widget\" data-e-type=\"widget\" data-widget_type=\"divider.default\">\n\t\t\t\t<div class=\"elementor-widget-container\">\n\t\t\t\t\t\t\t<div class=\"elementor-divider\">\n\t\t\t<span class=\"elementor-divider-separator\">\n\t\t\t\t\t\t<\/span>\n\t\t<\/div>\n\t\t\t\t\t\t<\/div>\n\t\t\t\t<\/div>\n\t\t\t\t<div class=\"elementor-element elementor-element-1bea320 elementor-widget elementor-widget-heading\" data-id=\"1bea320\" data-element_type=\"widget\" data-e-type=\"widget\" data-widget_type=\"heading.default\">\n\t\t\t\t<div class=\"elementor-widget-container\">\n\t\t\t\t\t<h2 class=\"elementor-heading-title elementor-size-default\">Abogado - Socio Fundador<\/h2>\t\t\t\t<\/div>\n\t\t\t\t<\/div>\n\t\t\t\t<div class=\"elementor-element elementor-element-55c07b3 color-scheme-inherit text-left elementor-widget elementor-widget-text-editor\" data-id=\"55c07b3\" data-element_type=\"widget\" data-e-type=\"widget\" data-widget_type=\"text-editor.default\">\n\t\t\t\t<div class=\"elementor-widget-container\">\n\t\t\t\t\t\t\t\t\t<p><strong>EDUARDO ALONSO LINARES ROCA<\/strong>, socio fundador de Linares &amp; Linares, es abogado id\u00f3neo en Panam\u00e1 y Per\u00fa, con m\u00e1s de 27 a\u00f1os de experiencia profesional, graduado de las Facultades de Derecho y Ciencia Pol\u00edtica de la Universidad de San Mart\u00edn de Porres en Per\u00fa con honores y de la Universidad de Panam\u00e1 en Panam\u00e1, con T\u00edtulo de Maestr\u00eda en Derecho Mercantil (Cum Laude) de la Universidad Cat\u00f3lica \u201cSanta Mar\u00eda La Antigua\u201d en Panam\u00e1, y diploma del programa Integrated Management Thinking, Mini MBA, de McGill Executive Institute, Universidad de McGill, en Montreal Canad\u00e1.<\/p><p>El Licenciado Linares durante su carrera profesional, se ha involucrado en diversas \u00e1reas y ramas del derecho, principalmente en el Derecho Corporativo, Mercantil, Laboral, Mar\u00edtimo y Procesal, entre otros. Como Gerente, Consultor y Asesor Legal, ha integrado y asesorado a importantes sociedades y entidades tanto a nivel local como internacional<\/p><p>Como ejecutivo senior, ha dirigido y asesorado importantes empresas de Ingenier\u00eda como el Grupo Latina Farms, S.A., Dos Valles. S.A. y Corporaci\u00f3n Frutera del Pac\u00edfico, S.A., empresas de Ingenier\u00eda y Agricultura, con operaciones en Panam\u00e1, Per\u00fa y USA; Golder Associates en Panam\u00e1, empresa Global de Ingenier\u00eda de consulta, participando activamente en el Directorio Regional de Latinoam\u00e9rica; SNC- Lavalin, Divisi\u00f3n de Ambiente y Agua, incluyendo las operaciones de Per\u00fa, Colombia, Brasil y Panam\u00e1; y, FIMA, S.A., empresa de Ingenier\u00eda l\u00edder en el sector Metal Mec\u00e1nico, entre otras.<\/p><p>Como Vicepresidente, Director, Gerente General, Gerente Legal y Consultor de diversas empresas internacionales, ha interactuado con las m\u00e1s importantes firmas de abogados, liderando las estrategias legales, procesales, as\u00ed como en la toma de decisiones que involucraban aspectos del derecho.<\/p>\t\t\t\t\t\t\t\t<\/div>\n\t\t\t\t<\/div>\n\t\t\t\t\t<\/div>\n\t\t<\/div>\n\t\t\t\t\t<\/div>\n\t\t<\/section>\n\t\t\t\t<section class=\"wd-negative-gap elementor-section elementor-top-section elementor-element elementor-element-e4c11d6 elementor-section-boxed elementor-section-height-default elementor-section-height-default\" data-id=\"e4c11d6\" data-element_type=\"section\" data-e-type=\"section\">\n\t\t\t\t\t\t<div class=\"elementor-container elementor-column-gap-default\">\n\t\t\t\t\t<div class=\"elementor-column elementor-col-100 elementor-top-column elementor-element elementor-element-6a94770\" data-id=\"6a94770\" data-element_type=\"column\" data-e-type=\"column\">\n\t\t\t<div class=\"elementor-widget-wrap elementor-element-populated\">\n\t\t\t\t\t\t<div class=\"elementor-element elementor-element-5a6527a elementor-widget-divider--view-line elementor-widget elementor-widget-divider\" data-id=\"5a6527a\" data-element_type=\"widget\" data-e-type=\"widget\" data-widget_type=\"divider.default\">\n\t\t\t\t<div class=\"elementor-widget-container\">\n\t\t\t\t\t\t\t<div class=\"elementor-divider\">\n\t\t\t<span class=\"elementor-divider-separator\">\n\t\t\t\t\t\t<\/span>\n\t\t<\/div>\n\t\t\t\t\t\t<\/div>\n\t\t\t\t<\/div>\n\t\t\t\t<div class=\"elementor-element elementor-element-f68d158 elementor-widget elementor-widget-heading\" data-id=\"f68d158\" data-element_type=\"widget\" data-e-type=\"widget\" data-widget_type=\"heading.default\">\n\t\t\t\t<div class=\"elementor-widget-container\">\n\t\t\t\t\t<h2 class=\"elementor-heading-title elementor-size-default\">Abogada - Socia<\/h2>\t\t\t\t<\/div>\n\t\t\t\t<\/div>\n\t\t\t\t<div class=\"elementor-element elementor-element-bf634a2 color-scheme-inherit text-left elementor-widget elementor-widget-text-editor\" data-id=\"bf634a2\" data-element_type=\"widget\" data-e-type=\"widget\" data-widget_type=\"text-editor.default\">\n\t\t\t\t<div class=\"elementor-widget-container\">\n\t\t\t\t\t\t\t\t\t<p><strong>ARIANA V. LINARES<\/strong>, es abogada, graduada (Summa Cum Laude) en la Facultad de Derecho y Ciencias Pol\u00edticas de la Universidad Cat\u00f3lica \u201cSanta Mar\u00eda La Antigua\u201d, actualmente cursando la Maestr\u00eda en Derecho de Negocios Internacionales y Derecho Econ\u00f3mico Internacional con un Certificado de Arbitraje Internacional y Resoluci\u00f3n de Conflictos en la Facultad de Derecho de la Universidad Georgetown, Washington DC, USA.<\/p><p>La Licenciada Linares, durante su desarrollo profesional se ha visto envuelta en el \u00e1rea de Litigios y Derecho Corporativo de importante firma de abogados en Panam\u00e1 y en el \u00e1rea Legal y Gobierno del Sector Bancario.<\/p><p>Ariana, ha estado involucrada en proyectos de Inter\u00e9s Social como Coordinadora Ejecutiva y Regional de la Asociaci\u00f3n Paname\u00f1a de Debate y ha sido moderadora en el \u201cWorldMum Debate\u201d organizado por la Universidad de Harvard. USA.<\/p>\t\t\t\t\t\t\t\t<\/div>\n\t\t\t\t<\/div>\n\t\t\t\t\t<\/div>\n\t\t<\/div>\n\t\t\t\t\t<\/div>\n\t\t<\/section>\n\t\t\t\t<section class=\"wd-negative-gap elementor-section elementor-top-section elementor-element elementor-element-807500b elementor-section-boxed elementor-section-height-default elementor-section-height-default\" data-id=\"807500b\" data-element_type=\"section\" data-e-type=\"section\">\n\t\t\t\t\t\t<div class=\"elementor-container elementor-column-gap-default\">\n\t\t\t\t\t<div class=\"elementor-column elementor-col-100 elementor-top-column elementor-element elementor-element-bf7e49e\" data-id=\"bf7e49e\" data-element_type=\"column\" data-e-type=\"column\">\n\t\t\t<div class=\"elementor-widget-wrap elementor-element-populated\">\n\t\t\t\t\t\t<div class=\"elementor-element elementor-element-c9688be elementor-widget-divider--view-line elementor-widget elementor-widget-divider\" data-id=\"c9688be\" data-element_type=\"widget\" data-e-type=\"widget\" data-widget_type=\"divider.default\">\n\t\t\t\t<div class=\"elementor-widget-container\">\n\t\t\t\t\t\t\t<div class=\"elementor-divider\">\n\t\t\t<span class=\"elementor-divider-separator\">\n\t\t\t\t\t\t<\/span>\n\t\t<\/div>\n\t\t\t\t\t\t<\/div>\n\t\t\t\t<\/div>\n\t\t\t\t<div class=\"elementor-element elementor-element-96a617c elementor-widget elementor-widget-heading\" data-id=\"96a617c\" data-element_type=\"widget\" data-e-type=\"widget\" data-widget_type=\"heading.default\">\n\t\t\t\t<div class=\"elementor-widget-container\">\n\t\t\t\t\t<h2 class=\"elementor-heading-title elementor-size-default\">Abogada<\/h2>\t\t\t\t<\/div>\n\t\t\t\t<\/div>\n\t\t\t\t<div class=\"elementor-element elementor-element-c90cf92 color-scheme-inherit text-left elementor-widget elementor-widget-text-editor\" data-id=\"c90cf92\" data-element_type=\"widget\" data-e-type=\"widget\" data-widget_type=\"text-editor.default\">\n\t\t\t\t<div class=\"elementor-widget-container\">\n\t\t\t\t\t\t\t\t\t<p><strong>PATRICIA TOVAR<\/strong>, es abogada del \u00e1rea corporativa y contrataciones p\u00fablicas, id\u00f3nea en Panam\u00e1 y en Per\u00fa,\u00a0 con m\u00e1s de 27 a\u00f1os de experiencia, graduada en la Facultad de Derecho y Ciencia Pol\u00edtica de la Universidad de San Mart\u00edn de Porres en Per\u00fa, y la Universidad de Panam\u00e1, con T\u00edtulo de Maestr\u00eda en Administraci\u00f3n de Empresas con \u00c9nfasis en Direcci\u00f3n Empresarial de la Universidad Latina de Panam\u00e1, y estudios de Post Grado, Especializaci\u00f3n en Finanzas para Abogados de la Universidad ESAN en Per\u00fa, adem\u00e1s de un Diplomado de Especializaci\u00f3n en Cobranzas por la Asociaci\u00f3n ASBANC del Per\u00fa.<\/p><p>La Licenciada Tovar, durante su desarrollo profesional se ha visto envuelta en diversas \u00e1reas y ramas derecho, como son el Derecho Corporativo, Procesal, de Seguros y Bienes Ra\u00edces, asesorando importantes empresas tanto en Panam\u00e1 como en Per\u00fa, como Schroth Corporaci\u00f3n Papelera S.A., Corporaci\u00f3n de Seguros Delta, S.A.\/Grupo Delta, S.A., Global Inmuebles, ELR Consultores, S.A., y la Direcci\u00f3n General de Contrataciones P\u00fablicas, entre otras.<\/p>\t\t\t\t\t\t\t\t<\/div>\n\t\t\t\t<\/div>\n\t\t\t\t\t<\/div>\n\t\t<\/div>\n\t\t\t\t\t<\/div>\n\t\t<\/section>\n\t\t\t\t<\/div>\n\t\t","protected":false},"excerpt":{"rendered":"<p>FIRMA DE ABOGADOS Nuestras \u00c1reas LINARES &amp; LINARES\u2122, ABOGADOS \u00c1REAS Y SERVICIOS: Consultor\u00eda y Asesor\u00eda Legal Personalizada y Online Constituci\u00f3n<\/p>\n","protected":false},"author":1,"featured_media":0,"parent":0,"menu_order":0,"comment_status":"closed","ping_status":"closed","template":"elementor_header_footer","meta":{"footnotes":""},"class_list":["post-11409","page","type-page","status-publish","hentry"],"yoast_head":"<!-- This site is optimized with the Yoast SEO plugin v27.2 - https:\/\/yoast.com\/product\/yoast-seo-wordpress\/ -->\n<title>FIRMA DE ABOGADOS - Linares &amp; Linares<\/title>\n<meta name=\"robots\" content=\"index, follow, max-snippet:-1, max-image-preview:large, max-video-preview:-1\" \/>\n<link rel=\"canonical\" href=\"https:\/\/linaresylinares.com\/es\/firma-de-abogados\/\" \/>\n<meta property=\"og:locale\" content=\"es_ES\" \/>\n<meta property=\"og:type\" content=\"article\" \/>\n<meta property=\"og:title\" content=\"FIRMA DE ABOGADOS - Linares &amp; Linares\" \/>\n<meta property=\"og:description\" content=\"FIRMA DE ABOGADOS Nuestras \u00c1reas LINARES &amp; LINARES\u2122, ABOGADOS \u00c1REAS Y SERVICIOS: Consultor\u00eda y Asesor\u00eda Legal Personalizada y Online Constituci\u00f3n\" \/>\n<meta property=\"og:url\" content=\"https:\/\/linaresylinares.com\/es\/firma-de-abogados\/\" \/>\n<meta property=\"og:site_name\" content=\"Linares &amp; Linares\" \/>\n<meta property=\"article:modified_time\" content=\"2022-07-25T23:35:18+00:00\" \/>\n<meta property=\"og:image\" content=\"https:\/\/linaresylinares.com\/wp-content\/uploads\/2015\/07\/Linares_Linares_Abogados_Logo_Web.jpg\" \/>\n<meta name=\"twitter:card\" content=\"summary_large_image\" \/>\n<meta name=\"twitter:label1\" content=\"Tiempo de lectura\" \/>\n\t<meta name=\"twitter:data1\" content=\"3 minutos\" \/>\n<script type=\"application\/ld+json\" class=\"yoast-schema-graph\">{\"@context\":\"https:\/\/schema.org\",\"@graph\":[{\"@type\":\"WebPage\",\"@id\":\"https:\/\/linaresylinares.com\/es\/firma-de-abogados\/\",\"url\":\"https:\/\/linaresylinares.com\/es\/firma-de-abogados\/\",\"name\":\"FIRMA DE ABOGADOS - Linares &amp; Linares\",\"isPartOf\":{\"@id\":\"https:\/\/linaresylinares.com\/#website\"},\"primaryImageOfPage\":{\"@id\":\"https:\/\/linaresylinares.com\/es\/firma-de-abogados\/#primaryimage\"},\"image\":{\"@id\":\"https:\/\/linaresylinares.com\/es\/firma-de-abogados\/#primaryimage\"},\"thumbnailUrl\":\"https:\/\/linaresylinares.com\/wp-content\/uploads\/2015\/07\/Linares_Linares_Abogados_Logo_Web.jpg\",\"datePublished\":\"2021-06-17T01:25:52+00:00\",\"dateModified\":\"2022-07-25T23:35:18+00:00\",\"breadcrumb\":{\"@id\":\"https:\/\/linaresylinares.com\/es\/firma-de-abogados\/#breadcrumb\"},\"inLanguage\":\"es\",\"potentialAction\":[{\"@type\":\"ReadAction\",\"target\":[\"https:\/\/linaresylinares.com\/es\/firma-de-abogados\/\"]}]},{\"@type\":\"ImageObject\",\"inLanguage\":\"es\",\"@id\":\"https:\/\/linaresylinares.com\/es\/firma-de-abogados\/#primaryimage\",\"url\":\"https:\/\/linaresylinares.com\/wp-content\/uploads\/2015\/07\/Linares_Linares_Abogados_Logo_Web.jpg\",\"contentUrl\":\"https:\/\/linaresylinares.com\/wp-content\/uploads\/2015\/07\/Linares_Linares_Abogados_Logo_Web.jpg\"},{\"@type\":\"BreadcrumbList\",\"@id\":\"https:\/\/linaresylinares.com\/es\/firma-de-abogados\/#breadcrumb\",\"itemListElement\":[{\"@type\":\"ListItem\",\"position\":1,\"name\":\"Home\",\"item\":\"https:\/\/linaresylinares.com\/es\/inicio\/\"},{\"@type\":\"ListItem\",\"position\":2,\"name\":\"FIRMA DE ABOGADOS\"}]},{\"@type\":\"WebSite\",\"@id\":\"https:\/\/linaresylinares.com\/#website\",\"url\":\"https:\/\/linaresylinares.com\/\",\"name\":\"Linares & Linares\",\"description\":\"Panam\u00e1\",\"publisher\":{\"@id\":\"https:\/\/linaresylinares.com\/#organization\"},\"potentialAction\":[{\"@type\":\"SearchAction\",\"target\":{\"@type\":\"EntryPoint\",\"urlTemplate\":\"https:\/\/linaresylinares.com\/?s={search_term_string}\"},\"query-input\":{\"@type\":\"PropertyValueSpecification\",\"valueRequired\":true,\"valueName\":\"search_term_string\"}}],\"inLanguage\":\"es\"},{\"@type\":\"Organization\",\"@id\":\"https:\/\/linaresylinares.com\/#organization\",\"name\":\"Linares & Linares\",\"url\":\"https:\/\/linaresylinares.com\/\",\"logo\":{\"@type\":\"ImageObject\",\"inLanguage\":\"es\",\"@id\":\"https:\/\/linaresylinares.com\/#\/schema\/logo\/image\/\",\"url\":\"https:\/\/linaresylinares.com\/wp-content\/uploads\/2015\/07\/Linares_Linares_Abogados_Logo_Web.jpg\",\"contentUrl\":\"https:\/\/linaresylinares.com\/wp-content\/uploads\/2015\/07\/Linares_Linares_Abogados_Logo_Web.jpg\",\"width\":570,\"height\":370,\"caption\":\"Linares & Linares\"},\"image\":{\"@id\":\"https:\/\/linaresylinares.com\/#\/schema\/logo\/image\/\"}}]}<\/script>\n<!-- \/ Yoast SEO plugin. -->","yoast_head_json":{"title":"FIRMA DE ABOGADOS - Linares &amp; Linares","robots":{"index":"index","follow":"follow","max-snippet":"max-snippet:-1","max-image-preview":"max-image-preview:large","max-video-preview":"max-video-preview:-1"},"canonical":"https:\/\/linaresylinares.com\/es\/firma-de-abogados\/","og_locale":"es_ES","og_type":"article","og_title":"FIRMA DE ABOGADOS - Linares &amp; Linares","og_description":"FIRMA DE ABOGADOS Nuestras \u00c1reas LINARES &amp; LINARES\u2122, ABOGADOS \u00c1REAS Y SERVICIOS: Consultor\u00eda y Asesor\u00eda Legal Personalizada y Online Constituci\u00f3n","og_url":"https:\/\/linaresylinares.com\/es\/firma-de-abogados\/","og_site_name":"Linares &amp; Linares","article_modified_time":"2022-07-25T23:35:18+00:00","og_image":[{"url":"https:\/\/linaresylinares.com\/wp-content\/uploads\/2015\/07\/Linares_Linares_Abogados_Logo_Web.jpg","type":"","width":"","height":""}],"twitter_card":"summary_large_image","twitter_misc":{"Tiempo de lectura":"3 minutos"},"schema":{"@context":"https:\/\/schema.org","@graph":[{"@type":"WebPage","@id":"https:\/\/linaresylinares.com\/es\/firma-de-abogados\/","url":"https:\/\/linaresylinares.com\/es\/firma-de-abogados\/","name":"FIRMA DE ABOGADOS - Linares &amp; Linares","isPartOf":{"@id":"https:\/\/linaresylinares.com\/#website"},"primaryImageOfPage":{"@id":"https:\/\/linaresylinares.com\/es\/firma-de-abogados\/#primaryimage"},"image":{"@id":"https:\/\/linaresylinares.com\/es\/firma-de-abogados\/#primaryimage"},"thumbnailUrl":"https:\/\/linaresylinares.com\/wp-content\/uploads\/2015\/07\/Linares_Linares_Abogados_Logo_Web.jpg","datePublished":"2021-06-17T01:25:52+00:00","dateModified":"2022-07-25T23:35:18+00:00","breadcrumb":{"@id":"https:\/\/linaresylinares.com\/es\/firma-de-abogados\/#breadcrumb"},"inLanguage":"es","potentialAction":[{"@type":"ReadAction","target":["https:\/\/linaresylinares.com\/es\/firma-de-abogados\/"]}]},{"@type":"ImageObject","inLanguage":"es","@id":"https:\/\/linaresylinares.com\/es\/firma-de-abogados\/#primaryimage","url":"https:\/\/linaresylinares.com\/wp-content\/uploads\/2015\/07\/Linares_Linares_Abogados_Logo_Web.jpg","contentUrl":"https:\/\/linaresylinares.com\/wp-content\/uploads\/2015\/07\/Linares_Linares_Abogados_Logo_Web.jpg"},{"@type":"BreadcrumbList","@id":"https:\/\/linaresylinares.com\/es\/firma-de-abogados\/#breadcrumb","itemListElement":[{"@type":"ListItem","position":1,"name":"Home","item":"https:\/\/linaresylinares.com\/es\/inicio\/"},{"@type":"ListItem","position":2,"name":"FIRMA DE ABOGADOS"}]},{"@type":"WebSite","@id":"https:\/\/linaresylinares.com\/#website","url":"https:\/\/linaresylinares.com\/","name":"Linares & Linares","description":"Panam\u00e1","publisher":{"@id":"https:\/\/linaresylinares.com\/#organization"},"potentialAction":[{"@type":"SearchAction","target":{"@type":"EntryPoint","urlTemplate":"https:\/\/linaresylinares.com\/?s={search_term_string}"},"query-input":{"@type":"PropertyValueSpecification","valueRequired":true,"valueName":"search_term_string"}}],"inLanguage":"es"},{"@type":"Organization","@id":"https:\/\/linaresylinares.com\/#organization","name":"Linares & Linares","url":"https:\/\/linaresylinares.com\/","logo":{"@type":"ImageObject","inLanguage":"es","@id":"https:\/\/linaresylinares.com\/#\/schema\/logo\/image\/","url":"https:\/\/linaresylinares.com\/wp-content\/uploads\/2015\/07\/Linares_Linares_Abogados_Logo_Web.jpg","contentUrl":"https:\/\/linaresylinares.com\/wp-content\/uploads\/2015\/07\/Linares_Linares_Abogados_Logo_Web.jpg","width":570,"height":370,"caption":"Linares & Linares"},"image":{"@id":"https:\/\/linaresylinares.com\/#\/schema\/logo\/image\/"}}]}},"_links":{"self":[{"href":"https:\/\/linaresylinares.com\/es\/wp-json\/wp\/v2\/pages\/11409","targetHints":{"allow":["GET"]}}],"collection":[{"href":"https:\/\/linaresylinares.com\/es\/wp-json\/wp\/v2\/pages"}],"about":[{"href":"https:\/\/linaresylinares.com\/es\/wp-json\/wp\/v2\/types\/page"}],"author":[{"embeddable":true,"href":"https:\/\/linaresylinares.com\/es\/wp-json\/wp\/v2\/users\/1"}],"replies":[{"embeddable":true,"href":"https:\/\/linaresylinares.com\/es\/wp-json\/wp\/v2\/comments?post=11409"}],"version-history":[{"count":10,"href":"https:\/\/linaresylinares.com\/es\/wp-json\/wp\/v2\/pages\/11409\/revisions"}],"predecessor-version":[{"id":11449,"href":"https:\/\/linaresylinares.com\/es\/wp-json\/wp\/v2\/pages\/11409\/revisions\/11449"}],"wp:attachment":[{"href":"https:\/\/linaresylinares.com\/es\/wp-json\/wp\/v2\/media?parent=11409"}],"curies":[{"name":"wp","href":"https:\/\/api.w.org\/{rel}","templated":true}]}}