{"id":11372,"date":"2021-06-16T18:51:04","date_gmt":"2021-06-16T23:51:04","guid":{"rendered":"https:\/\/linaresylinares.com\/?page_id=11372"},"modified":"2021-06-16T19:12:51","modified_gmt":"2021-06-17T00:12:51","slug":"nosotros","status":"publish","type":"page","link":"https:\/\/linaresylinares.com\/es\/nosotros\/","title":{"rendered":"NOSOTROS"},"content":{"rendered":"\t\t<div data-elementor-type=\"wp-page\" data-elementor-id=\"11372\" class=\"elementor elementor-11372 elementor-11378\" data-elementor-post-type=\"page\">\n\t\t\t\t\t\t<section class=\"wd-negative-gap elementor-section elementor-top-section elementor-element elementor-element-dd4e456 elementor-section-full_width elementor-section-stretched elementor-section-height-default elementor-section-height-default\" data-id=\"dd4e456\" data-element_type=\"section\" data-e-type=\"section\" data-settings=\"{&quot;stretch_section&quot;:&quot;section-stretched&quot;,&quot;background_background&quot;:&quot;classic&quot;}\">\n\t\t\t\t\t\t\t<div class=\"elementor-background-overlay\"><\/div>\n\t\t\t\t\t\t\t<div class=\"elementor-container elementor-column-gap-default\">\n\t\t\t\t\t<div class=\"elementor-column elementor-col-100 elementor-top-column elementor-element elementor-element-d9117e1\" data-id=\"d9117e1\" data-element_type=\"column\" data-e-type=\"column\">\n\t\t\t<div class=\"elementor-widget-wrap elementor-element-populated\">\n\t\t\t\t\t\t<div class=\"elementor-element elementor-element-0b44681 elementor-widget elementor-widget-heading\" data-id=\"0b44681\" data-element_type=\"widget\" data-e-type=\"widget\" data-widget_type=\"heading.default\">\n\t\t\t\t<div class=\"elementor-widget-container\">\n\t\t\t\t\t<h2 class=\"elementor-heading-title elementor-size-default\">NOSOTROS<\/h2>\t\t\t\t<\/div>\n\t\t\t\t<\/div>\n\t\t\t\t\t<\/div>\n\t\t<\/div>\n\t\t\t\t\t<\/div>\n\t\t<\/section>\n\t\t\t\t<section class=\"wd-negative-gap elementor-section elementor-top-section elementor-element elementor-element-e7ff54f elementor-section-boxed elementor-section-height-default elementor-section-height-default\" data-id=\"e7ff54f\" data-element_type=\"section\" data-e-type=\"section\">\n\t\t\t\t\t\t<div class=\"elementor-container elementor-column-gap-default\">\n\t\t\t\t\t<div class=\"elementor-column elementor-col-100 elementor-top-column elementor-element elementor-element-e8992bb\" data-id=\"e8992bb\" data-element_type=\"column\" data-e-type=\"column\">\n\t\t\t<div class=\"elementor-widget-wrap elementor-element-populated\">\n\t\t\t\t\t\t<section class=\"wd-negative-gap elementor-section elementor-inner-section elementor-element elementor-element-7d81e0e elementor-section-boxed elementor-section-height-default elementor-section-height-default\" data-id=\"7d81e0e\" data-element_type=\"section\" data-e-type=\"section\">\n\t\t\t\t\t\t<div class=\"elementor-container elementor-column-gap-default\">\n\t\t\t\t\t<div class=\"elementor-column elementor-col-50 elementor-inner-column elementor-element elementor-element-b3e22e4\" data-id=\"b3e22e4\" data-element_type=\"column\" data-e-type=\"column\">\n\t\t\t<div class=\"elementor-widget-wrap elementor-element-populated\">\n\t\t\t\t\t\t<div class=\"elementor-element elementor-element-2e59323 elementor-widget elementor-widget-heading\" data-id=\"2e59323\" data-element_type=\"widget\" data-e-type=\"widget\" data-widget_type=\"heading.default\">\n\t\t\t\t<div class=\"elementor-widget-container\">\n\t\t\t\t\t<h2 class=\"elementor-heading-title elementor-size-default\">Acerca de la Corporaci\u00f3n<\/h2>\t\t\t\t<\/div>\n\t\t\t\t<\/div>\n\t\t\t\t<div class=\"elementor-element elementor-element-f5387cb elementor-widget elementor-widget-heading\" data-id=\"f5387cb\" data-element_type=\"widget\" data-e-type=\"widget\" data-widget_type=\"heading.default\">\n\t\t\t\t<div class=\"elementor-widget-container\">\n\t\t\t\t\t<h2 class=\"elementor-heading-title elementor-size-default\">LINARES &amp; LINARES\u2122<\/h2>\t\t\t\t<\/div>\n\t\t\t\t<\/div>\n\t\t\t\t<div class=\"elementor-element elementor-element-6dac160 elementor-widget-divider--view-line elementor-widget elementor-widget-divider\" data-id=\"6dac160\" data-element_type=\"widget\" data-e-type=\"widget\" data-widget_type=\"divider.default\">\n\t\t\t\t<div class=\"elementor-widget-container\">\n\t\t\t\t\t\t\t<div class=\"elementor-divider\">\n\t\t\t<span class=\"elementor-divider-separator\">\n\t\t\t\t\t\t<\/span>\n\t\t<\/div>\n\t\t\t\t\t\t<\/div>\n\t\t\t\t<\/div>\n\t\t\t\t<div class=\"elementor-element elementor-element-89c5698 color-scheme-inherit text-left elementor-widget elementor-widget-text-editor\" data-id=\"89c5698\" data-element_type=\"widget\" data-e-type=\"widget\" data-widget_type=\"text-editor.default\">\n\t\t\t\t<div class=\"elementor-widget-container\">\n\t\t\t\t\t\t\t\t\t<p><strong>LINARES Y LINARES, CORP<\/strong>., es una corporaci\u00f3n que agrupa sociedades del \u00e1mbito de la consultor\u00eda empresarial y de servicios legales.<\/p><p><strong>LINARES &amp; LINARES \u2013 ABOGADOS<\/strong>, con m\u00e1s de 25 a\u00f1os de experiencia, est\u00e1 dedicada a prestar servicios legales especializados.<\/p><p><strong>LINARES &amp; LINARES \u2013 CONSULTORES<\/strong>, es una empresa consultora fundada en el a\u00f1o 2010, que brinda diversos servicios de consultor\u00eda empresarial.<\/p>\t\t\t\t\t\t\t\t<\/div>\n\t\t\t\t<\/div>\n\t\t\t\t\t<\/div>\n\t\t<\/div>\n\t\t\t\t<div class=\"elementor-column elementor-col-50 elementor-inner-column elementor-element elementor-element-802a369\" data-id=\"802a369\" data-element_type=\"column\" data-e-type=\"column\">\n\t\t\t<div class=\"elementor-widget-wrap elementor-element-populated\">\n\t\t\t\t\t\t<div class=\"elementor-element elementor-element-7bda798 elementor-widget elementor-widget-image\" data-id=\"7bda798\" data-element_type=\"widget\" data-e-type=\"widget\" data-widget_type=\"image.default\">\n\t\t\t\t<div class=\"elementor-widget-container\">\n\t\t\t\t\t\t\t\t\t\t\t\t\t\t\t<img loading=\"lazy\" decoding=\"async\" width=\"300\" height=\"160\" src=\"https:\/\/linaresylinares.com\/wp-content\/uploads\/2015\/07\/Linares_Linares_Logo_Img_Web.jpg\" class=\"attachment-full size-full wp-image-1213\" alt=\"\" srcset=\"https:\/\/linaresylinares.com\/wp-content\/uploads\/2015\/07\/Linares_Linares_Logo_Img_Web.jpg 300w, https:\/\/linaresylinares.com\/wp-content\/uploads\/2015\/07\/Linares_Linares_Logo_Img_Web-150x80.jpg 150w\" sizes=\"auto, (max-width: 300px) 100vw, 300px\" \/>\t\t\t\t\t\t\t\t\t\t\t\t\t\t\t<\/div>\n\t\t\t\t<\/div>\n\t\t\t\t\t<\/div>\n\t\t<\/div>\n\t\t\t\t\t<\/div>\n\t\t<\/section>\n\t\t\t\t\t<\/div>\n\t\t<\/div>\n\t\t\t\t\t<\/div>\n\t\t<\/section>\n\t\t\t\t<section class=\"wd-negative-gap elementor-section elementor-top-section elementor-element elementor-element-e59d19f elementor-section-boxed elementor-section-height-default elementor-section-height-default\" data-id=\"e59d19f\" data-element_type=\"section\" data-e-type=\"section\">\n\t\t\t\t\t\t<div class=\"elementor-container elementor-column-gap-default\">\n\t\t\t\t\t<div class=\"elementor-column elementor-col-100 elementor-top-column elementor-element elementor-element-f34743a\" data-id=\"f34743a\" data-element_type=\"column\" data-e-type=\"column\">\n\t\t\t<div class=\"elementor-widget-wrap elementor-element-populated\">\n\t\t\t\t\t\t<div class=\"elementor-element elementor-element-1997ba7 elementor-widget-divider--view-line elementor-widget elementor-widget-divider\" data-id=\"1997ba7\" data-element_type=\"widget\" data-e-type=\"widget\" data-widget_type=\"divider.default\">\n\t\t\t\t<div class=\"elementor-widget-container\">\n\t\t\t\t\t\t\t<div class=\"elementor-divider\">\n\t\t\t<span class=\"elementor-divider-separator\">\n\t\t\t\t\t\t<\/span>\n\t\t<\/div>\n\t\t\t\t\t\t<\/div>\n\t\t\t\t<\/div>\n\t\t\t\t<div class=\"elementor-element elementor-element-1bea320 elementor-widget elementor-widget-heading\" data-id=\"1bea320\" data-element_type=\"widget\" data-e-type=\"widget\" data-widget_type=\"heading.default\">\n\t\t\t\t<div class=\"elementor-widget-container\">\n\t\t\t\t\t<h2 class=\"elementor-heading-title elementor-size-default\">Socio Fundador<\/h2>\t\t\t\t<\/div>\n\t\t\t\t<\/div>\n\t\t\t\t<div class=\"elementor-element elementor-element-55c07b3 color-scheme-inherit text-left elementor-widget elementor-widget-text-editor\" data-id=\"55c07b3\" data-element_type=\"widget\" data-e-type=\"widget\" data-widget_type=\"text-editor.default\">\n\t\t\t\t<div class=\"elementor-widget-container\">\n\t\t\t\t\t\t\t\t\t<p><strong>EDUARDO ALONSO LINARES ROCA,<\/strong> es abogado y ejecutivo senior con m\u00e1s de 25 a\u00f1os de experiencia profesional, graduado de las Facultades de Derecho y Ciencia Pol\u00edtica de la Universidad de San Mart\u00edn de Porres en Per\u00fa y de la Universidad de Panam\u00e1 en Panam\u00e1, con T\u00edtulo de Maestr\u00eda en Derecho Mercantil de la Universidad Cat\u00f3lica \u201cSanta Mar\u00eda La Antigua\u201d en Panam\u00e1, y diploma del programa Integrated Management Thinking, Mini MBA, de McGill Executive Institute, Universidad de McGill, en Montreal Canad\u00e1.<\/p><p>En el \u00e1rea legal y corporativa, el Licenciado Linares, como Gerente, Consultor y Asesor Legal, ha integrado y asesorado a importantes sociedades y entidades a nivel local e internacional.<\/p><p>En el \u00e1mbito empresarial y ambiental, ha dirigido y asesorado importantes empresas de Ingenier\u00eda como el Grupo Latina Farms, S.A., Dos Valles. S.A. y Corporaci\u00f3n Frutera del Pac\u00edfico, S.A., empresas de Ingenier\u00eda y Agricultura, con operaciones en Panam\u00e1, Per\u00fa y USA; Golder Associates en Panam\u00e1, empresa Global de Ingenier\u00eda de consulta, participando activamente en el Directorio Regional de Latinoam\u00e9rica; SNC- Lavalin, Divisi\u00f3n de Ambiente y Agua, incluyendo las operaciones de Per\u00fa, Colombia, Brasil y Panam\u00e1; y, FIMA, S.A., empresa de Ingenier\u00eda l\u00edder en el sector Metal Mec\u00e1nico, entre otas.<\/p>\t\t\t\t\t\t\t\t<\/div>\n\t\t\t\t<\/div>\n\t\t\t\t\t<\/div>\n\t\t<\/div>\n\t\t\t\t\t<\/div>\n\t\t<\/section>\n\t\t\t\t<\/div>\n\t\t","protected":false},"excerpt":{"rendered":"<p>NOSOTROS Acerca de la Corporaci\u00f3n LINARES &amp; LINARES\u2122 LINARES Y LINARES, CORP., es una corporaci\u00f3n que agrupa sociedades del \u00e1mbito<\/p>\n","protected":false},"author":1,"featured_media":0,"parent":0,"menu_order":0,"comment_status":"closed","ping_status":"closed","template":"elementor_header_footer","meta":{"footnotes":""},"class_list":["post-11372","page","type-page","status-publish","hentry"],"yoast_head":"<!-- This site is optimized with the Yoast SEO plugin v27.2 - https:\/\/yoast.com\/product\/yoast-seo-wordpress\/ -->\n<title>NOSOTROS - Linares &amp; Linares<\/title>\n<meta name=\"robots\" content=\"index, follow, max-snippet:-1, max-image-preview:large, max-video-preview:-1\" \/>\n<link rel=\"canonical\" href=\"https:\/\/linaresylinares.com\/es\/nosotros\/\" \/>\n<meta property=\"og:locale\" content=\"es_ES\" \/>\n<meta property=\"og:type\" content=\"article\" \/>\n<meta property=\"og:title\" content=\"NOSOTROS - Linares &amp; Linares\" \/>\n<meta property=\"og:description\" content=\"NOSOTROS Acerca de la Corporaci\u00f3n LINARES &amp; LINARES\u2122 LINARES Y LINARES, CORP., es una corporaci\u00f3n que agrupa sociedades del \u00e1mbito\" \/>\n<meta property=\"og:url\" content=\"https:\/\/linaresylinares.com\/es\/nosotros\/\" \/>\n<meta property=\"og:site_name\" content=\"Linares &amp; Linares\" \/>\n<meta property=\"article:modified_time\" content=\"2021-06-17T00:12:51+00:00\" \/>\n<meta property=\"og:image\" content=\"https:\/\/linaresylinares.com\/wp-content\/uploads\/2015\/07\/Linares_Linares_Logo_Img_Web.jpg\" \/>\n<meta name=\"twitter:card\" content=\"summary_large_image\" \/>\n<meta name=\"twitter:label1\" content=\"Tiempo de lectura\" \/>\n\t<meta name=\"twitter:data1\" content=\"1 minuto\" \/>\n<script type=\"application\/ld+json\" class=\"yoast-schema-graph\">{\"@context\":\"https:\/\/schema.org\",\"@graph\":[{\"@type\":\"WebPage\",\"@id\":\"https:\/\/linaresylinares.com\/es\/nosotros\/\",\"url\":\"https:\/\/linaresylinares.com\/es\/nosotros\/\",\"name\":\"NOSOTROS - Linares &amp; Linares\",\"isPartOf\":{\"@id\":\"https:\/\/linaresylinares.com\/#website\"},\"primaryImageOfPage\":{\"@id\":\"https:\/\/linaresylinares.com\/es\/nosotros\/#primaryimage\"},\"image\":{\"@id\":\"https:\/\/linaresylinares.com\/es\/nosotros\/#primaryimage\"},\"thumbnailUrl\":\"https:\/\/linaresylinares.com\/wp-content\/uploads\/2015\/07\/Linares_Linares_Logo_Img_Web.jpg\",\"datePublished\":\"2021-06-16T23:51:04+00:00\",\"dateModified\":\"2021-06-17T00:12:51+00:00\",\"breadcrumb\":{\"@id\":\"https:\/\/linaresylinares.com\/es\/nosotros\/#breadcrumb\"},\"inLanguage\":\"es\",\"potentialAction\":[{\"@type\":\"ReadAction\",\"target\":[\"https:\/\/linaresylinares.com\/es\/nosotros\/\"]}]},{\"@type\":\"ImageObject\",\"inLanguage\":\"es\",\"@id\":\"https:\/\/linaresylinares.com\/es\/nosotros\/#primaryimage\",\"url\":\"https:\/\/linaresylinares.com\/wp-content\/uploads\/2015\/07\/Linares_Linares_Logo_Img_Web.jpg\",\"contentUrl\":\"https:\/\/linaresylinares.com\/wp-content\/uploads\/2015\/07\/Linares_Linares_Logo_Img_Web.jpg\"},{\"@type\":\"BreadcrumbList\",\"@id\":\"https:\/\/linaresylinares.com\/es\/nosotros\/#breadcrumb\",\"itemListElement\":[{\"@type\":\"ListItem\",\"position\":1,\"name\":\"Home\",\"item\":\"https:\/\/linaresylinares.com\/es\/inicio\/\"},{\"@type\":\"ListItem\",\"position\":2,\"name\":\"NOSOTROS\"}]},{\"@type\":\"WebSite\",\"@id\":\"https:\/\/linaresylinares.com\/#website\",\"url\":\"https:\/\/linaresylinares.com\/\",\"name\":\"Linares & Linares\",\"description\":\"Panam\u00e1\",\"publisher\":{\"@id\":\"https:\/\/linaresylinares.com\/#organization\"},\"potentialAction\":[{\"@type\":\"SearchAction\",\"target\":{\"@type\":\"EntryPoint\",\"urlTemplate\":\"https:\/\/linaresylinares.com\/?s={search_term_string}\"},\"query-input\":{\"@type\":\"PropertyValueSpecification\",\"valueRequired\":true,\"valueName\":\"search_term_string\"}}],\"inLanguage\":\"es\"},{\"@type\":\"Organization\",\"@id\":\"https:\/\/linaresylinares.com\/#organization\",\"name\":\"Linares & Linares\",\"url\":\"https:\/\/linaresylinares.com\/\",\"logo\":{\"@type\":\"ImageObject\",\"inLanguage\":\"es\",\"@id\":\"https:\/\/linaresylinares.com\/#\/schema\/logo\/image\/\",\"url\":\"https:\/\/linaresylinares.com\/wp-content\/uploads\/2015\/07\/Linares_Linares_Abogados_Logo_Web.jpg\",\"contentUrl\":\"https:\/\/linaresylinares.com\/wp-content\/uploads\/2015\/07\/Linares_Linares_Abogados_Logo_Web.jpg\",\"width\":570,\"height\":370,\"caption\":\"Linares & Linares\"},\"image\":{\"@id\":\"https:\/\/linaresylinares.com\/#\/schema\/logo\/image\/\"}}]}<\/script>\n<!-- \/ Yoast SEO plugin. -->","yoast_head_json":{"title":"NOSOTROS - Linares &amp; Linares","robots":{"index":"index","follow":"follow","max-snippet":"max-snippet:-1","max-image-preview":"max-image-preview:large","max-video-preview":"max-video-preview:-1"},"canonical":"https:\/\/linaresylinares.com\/es\/nosotros\/","og_locale":"es_ES","og_type":"article","og_title":"NOSOTROS - Linares &amp; Linares","og_description":"NOSOTROS Acerca de la Corporaci\u00f3n LINARES &amp; LINARES\u2122 LINARES Y LINARES, CORP., es una corporaci\u00f3n que agrupa sociedades del \u00e1mbito","og_url":"https:\/\/linaresylinares.com\/es\/nosotros\/","og_site_name":"Linares &amp; Linares","article_modified_time":"2021-06-17T00:12:51+00:00","og_image":[{"url":"https:\/\/linaresylinares.com\/wp-content\/uploads\/2015\/07\/Linares_Linares_Logo_Img_Web.jpg","type":"","width":"","height":""}],"twitter_card":"summary_large_image","twitter_misc":{"Tiempo de lectura":"1 minuto"},"schema":{"@context":"https:\/\/schema.org","@graph":[{"@type":"WebPage","@id":"https:\/\/linaresylinares.com\/es\/nosotros\/","url":"https:\/\/linaresylinares.com\/es\/nosotros\/","name":"NOSOTROS - Linares &amp; Linares","isPartOf":{"@id":"https:\/\/linaresylinares.com\/#website"},"primaryImageOfPage":{"@id":"https:\/\/linaresylinares.com\/es\/nosotros\/#primaryimage"},"image":{"@id":"https:\/\/linaresylinares.com\/es\/nosotros\/#primaryimage"},"thumbnailUrl":"https:\/\/linaresylinares.com\/wp-content\/uploads\/2015\/07\/Linares_Linares_Logo_Img_Web.jpg","datePublished":"2021-06-16T23:51:04+00:00","dateModified":"2021-06-17T00:12:51+00:00","breadcrumb":{"@id":"https:\/\/linaresylinares.com\/es\/nosotros\/#breadcrumb"},"inLanguage":"es","potentialAction":[{"@type":"ReadAction","target":["https:\/\/linaresylinares.com\/es\/nosotros\/"]}]},{"@type":"ImageObject","inLanguage":"es","@id":"https:\/\/linaresylinares.com\/es\/nosotros\/#primaryimage","url":"https:\/\/linaresylinares.com\/wp-content\/uploads\/2015\/07\/Linares_Linares_Logo_Img_Web.jpg","contentUrl":"https:\/\/linaresylinares.com\/wp-content\/uploads\/2015\/07\/Linares_Linares_Logo_Img_Web.jpg"},{"@type":"BreadcrumbList","@id":"https:\/\/linaresylinares.com\/es\/nosotros\/#breadcrumb","itemListElement":[{"@type":"ListItem","position":1,"name":"Home","item":"https:\/\/linaresylinares.com\/es\/inicio\/"},{"@type":"ListItem","position":2,"name":"NOSOTROS"}]},{"@type":"WebSite","@id":"https:\/\/linaresylinares.com\/#website","url":"https:\/\/linaresylinares.com\/","name":"Linares & Linares","description":"Panam\u00e1","publisher":{"@id":"https:\/\/linaresylinares.com\/#organization"},"potentialAction":[{"@type":"SearchAction","target":{"@type":"EntryPoint","urlTemplate":"https:\/\/linaresylinares.com\/?s={search_term_string}"},"query-input":{"@type":"PropertyValueSpecification","valueRequired":true,"valueName":"search_term_string"}}],"inLanguage":"es"},{"@type":"Organization","@id":"https:\/\/linaresylinares.com\/#organization","name":"Linares & Linares","url":"https:\/\/linaresylinares.com\/","logo":{"@type":"ImageObject","inLanguage":"es","@id":"https:\/\/linaresylinares.com\/#\/schema\/logo\/image\/","url":"https:\/\/linaresylinares.com\/wp-content\/uploads\/2015\/07\/Linares_Linares_Abogados_Logo_Web.jpg","contentUrl":"https:\/\/linaresylinares.com\/wp-content\/uploads\/2015\/07\/Linares_Linares_Abogados_Logo_Web.jpg","width":570,"height":370,"caption":"Linares & Linares"},"image":{"@id":"https:\/\/linaresylinares.com\/#\/schema\/logo\/image\/"}}]}},"_links":{"self":[{"href":"https:\/\/linaresylinares.com\/es\/wp-json\/wp\/v2\/pages\/11372","targetHints":{"allow":["GET"]}}],"collection":[{"href":"https:\/\/linaresylinares.com\/es\/wp-json\/wp\/v2\/pages"}],"about":[{"href":"https:\/\/linaresylinares.com\/es\/wp-json\/wp\/v2\/types\/page"}],"author":[{"embeddable":true,"href":"https:\/\/linaresylinares.com\/es\/wp-json\/wp\/v2\/users\/1"}],"replies":[{"embeddable":true,"href":"https:\/\/linaresylinares.com\/es\/wp-json\/wp\/v2\/comments?post=11372"}],"version-history":[{"count":5,"href":"https:\/\/linaresylinares.com\/es\/wp-json\/wp\/v2\/pages\/11372\/revisions"}],"predecessor-version":[{"id":11403,"href":"https:\/\/linaresylinares.com\/es\/wp-json\/wp\/v2\/pages\/11372\/revisions\/11403"}],"wp:attachment":[{"href":"https:\/\/linaresylinares.com\/es\/wp-json\/wp\/v2\/media?parent=11372"}],"curies":[{"name":"wp","href":"https:\/\/api.w.org\/{rel}","templated":true}]}}